{"id":95,"date":"2024-04-29T07:06:31","date_gmt":"2024-04-29T07:06:31","guid":{"rendered":"https:\/\/tresbon.com.mx\/?page_id=95"},"modified":"2024-05-03T22:49:24","modified_gmt":"2024-05-03T22:49:24","slug":"about","status":"publish","type":"page","link":"https:\/\/tresbon.com.mx\/?page_id=95","title":{"rendered":"Nosotros"},"content":{"rendered":"\t\t<div data-elementor-type=\"wp-page\" data-elementor-id=\"95\" class=\"elementor elementor-95\" data-elementor-post-type=\"page\">\n\t\t\t\t<div class=\"elementor-element elementor-element-197771d7 e-con-full e-flex e-con e-parent\" data-id=\"197771d7\" data-element_type=\"container\">\n\t\t<div class=\"elementor-element elementor-element-b072f3a e-con-full e-flex e-con e-child\" data-id=\"b072f3a\" data-element_type=\"container\" data-settings=\"{&quot;background_background&quot;:&quot;classic&quot;}\">\n\t\t\t\t<div class=\"elementor-element elementor-element-9cf3640 elementor-widget elementor-widget-spacer\" data-id=\"9cf3640\" data-element_type=\"widget\" data-widget_type=\"spacer.default\">\n\t\t\t\t<div class=\"elementor-widget-container\">\n\t\t\t\t\t<div class=\"elementor-spacer\">\n\t\t\t<div class=\"elementor-spacer-inner\"><\/div>\n\t\t<\/div>\n\t\t\t\t<\/div>\n\t\t\t\t<\/div>\n\t\t\t\t<div class=\"elementor-element elementor-element-bf92766 elementor-widget elementor-widget-heading\" data-id=\"bf92766\" data-element_type=\"widget\" data-widget_type=\"heading.default\">\n\t\t\t\t<div class=\"elementor-widget-container\">\n\t\t\t<h2 class=\"elementor-heading-title elementor-size-default\">VISI\u00d3N<\/h2>\t\t<\/div>\n\t\t\t\t<\/div>\n\t\t\t\t<div class=\"elementor-element elementor-element-2e92ea4 elementor-widget elementor-widget-text-editor\" data-id=\"2e92ea4\" data-element_type=\"widget\" data-widget_type=\"text-editor.default\">\n\t\t\t\t<div class=\"elementor-widget-container\">\n\t\t\t\t\t\t\t<p>Ser reconocidos como l\u00edderes en el mercado de mochilas, ofreciendo productos de alta calidad que inspiren la aventura y la exploraci\u00f3n, y que acompa\u00f1en a nuestros clientes en cada paso de su viaje.<\/p>\t\t\t\t\t\t<\/div>\n\t\t\t\t<\/div>\n\t\t\t\t<div class=\"elementor-element elementor-element-4bc9513 elementor-invisible elementor-widget elementor-widget-image\" data-id=\"4bc9513\" data-element_type=\"widget\" data-settings=\"{&quot;_animation&quot;:&quot;rollIn&quot;}\" data-widget_type=\"image.default\">\n\t\t\t\t<div class=\"elementor-widget-container\">\n\t\t\t\t\t\t\t\t\t\t\t\t\t<img fetchpriority=\"high\" decoding=\"async\" width=\"1080\" height=\"1080\" src=\"https:\/\/tresbon.com.mx\/wp-content\/uploads\/2024\/05\/22VE08007_03.png\" class=\"attachment-full size-full wp-image-676\" alt=\"\" srcset=\"https:\/\/tresbon.com.mx\/wp-content\/uploads\/2024\/05\/22VE08007_03.png 1080w, https:\/\/tresbon.com.mx\/wp-content\/uploads\/2024\/05\/22VE08007_03-300x300.png 300w, https:\/\/tresbon.com.mx\/wp-content\/uploads\/2024\/05\/22VE08007_03-1024x1024.png 1024w, https:\/\/tresbon.com.mx\/wp-content\/uploads\/2024\/05\/22VE08007_03-150x150.png 150w, https:\/\/tresbon.com.mx\/wp-content\/uploads\/2024\/05\/22VE08007_03-768x768.png 768w, https:\/\/tresbon.com.mx\/wp-content\/uploads\/2024\/05\/22VE08007_03-600x600.png 600w, https:\/\/tresbon.com.mx\/wp-content\/uploads\/2024\/05\/22VE08007_03-100x100.png 100w\" sizes=\"(max-width: 1080px) 100vw, 1080px\" \/>\t\t\t\t\t\t\t\t\t\t\t\t\t<\/div>\n\t\t\t\t<\/div>\n\t\t\t\t<\/div>\n\t\t<div class=\"elementor-element elementor-element-706a157c e-con-full e-flex e-con e-child\" data-id=\"706a157c\" data-element_type=\"container\" data-settings=\"{&quot;background_background&quot;:&quot;classic&quot;}\">\n\t\t\t\t<\/div>\n\t\t\t\t<\/div>\n\t\t<div class=\"elementor-element elementor-element-3fd1855 e-con-full e-flex e-con e-parent\" data-id=\"3fd1855\" data-element_type=\"container\">\n\t\t<div class=\"elementor-element elementor-element-7e4871d e-con-full e-flex e-con e-child\" data-id=\"7e4871d\" data-element_type=\"container\" data-settings=\"{&quot;background_background&quot;:&quot;classic&quot;}\">\n\t\t\t\t<\/div>\n\t\t<div class=\"elementor-element elementor-element-668836b e-con-full e-flex e-con e-child\" data-id=\"668836b\" data-element_type=\"container\" data-settings=\"{&quot;background_background&quot;:&quot;classic&quot;}\">\n\t\t\t\t<div class=\"elementor-element elementor-element-1ca7e88 elementor-widget elementor-widget-spacer\" data-id=\"1ca7e88\" data-element_type=\"widget\" data-widget_type=\"spacer.default\">\n\t\t\t\t<div class=\"elementor-widget-container\">\n\t\t\t\t\t<div class=\"elementor-spacer\">\n\t\t\t<div class=\"elementor-spacer-inner\"><\/div>\n\t\t<\/div>\n\t\t\t\t<\/div>\n\t\t\t\t<\/div>\n\t\t\t\t<div class=\"elementor-element elementor-element-c6c8497 elementor-widget elementor-widget-heading\" data-id=\"c6c8497\" data-element_type=\"widget\" data-widget_type=\"heading.default\">\n\t\t\t\t<div class=\"elementor-widget-container\">\n\t\t\t<h2 class=\"elementor-heading-title elementor-size-default\">Nuestra Pasi\u00f3n<\/h2>\t\t<\/div>\n\t\t\t\t<\/div>\n\t\t\t\t<div class=\"elementor-element elementor-element-780b254 elementor-widget elementor-widget-text-editor\" data-id=\"780b254\" data-element_type=\"widget\" data-widget_type=\"text-editor.default\">\n\t\t\t\t<div class=\"elementor-widget-container\">\n\t\t\t\t\t\t\t<p>Nuestra pasi\u00f3n impulsa todo lo que hacemos. En Tresbon nos apasiona la innovaci\u00f3n, la calidad y la satisfacci\u00f3n del cliente. Trabajamos diligentemente para superar las expectativas y ofrecer productos excepcionales todos los d\u00edas. Esta pasi\u00f3n impulsa la investigaci\u00f3n continua en todo lo que hacemos.<\/p>\t\t\t\t\t\t<\/div>\n\t\t\t\t<\/div>\n\t\t\t\t<div class=\"elementor-element elementor-element-eb9a04a elementor-invisible elementor-widget elementor-widget-image\" data-id=\"eb9a04a\" data-element_type=\"widget\" data-settings=\"{&quot;_animation&quot;:&quot;fadeInRight&quot;}\" data-widget_type=\"image.default\">\n\t\t\t\t<div class=\"elementor-widget-container\">\n\t\t\t\t\t\t\t\t\t\t\t\t\t<img decoding=\"async\" width=\"1080\" height=\"1080\" src=\"https:\/\/tresbon.com.mx\/wp-content\/uploads\/2024\/05\/23SE04041-11.png\" class=\"attachment-full size-full wp-image-611\" alt=\"\" srcset=\"https:\/\/tresbon.com.mx\/wp-content\/uploads\/2024\/05\/23SE04041-11.png 1080w, https:\/\/tresbon.com.mx\/wp-content\/uploads\/2024\/05\/23SE04041-11-300x300.png 300w, https:\/\/tresbon.com.mx\/wp-content\/uploads\/2024\/05\/23SE04041-11-1024x1024.png 1024w, https:\/\/tresbon.com.mx\/wp-content\/uploads\/2024\/05\/23SE04041-11-150x150.png 150w, https:\/\/tresbon.com.mx\/wp-content\/uploads\/2024\/05\/23SE04041-11-768x768.png 768w, https:\/\/tresbon.com.mx\/wp-content\/uploads\/2024\/05\/23SE04041-11-600x600.png 600w, https:\/\/tresbon.com.mx\/wp-content\/uploads\/2024\/05\/23SE04041-11-100x100.png 100w\" sizes=\"(max-width: 1080px) 100vw, 1080px\" \/>\t\t\t\t\t\t\t\t\t\t\t\t\t<\/div>\n\t\t\t\t<\/div>\n\t\t\t\t<\/div>\n\t\t\t\t<\/div>\n\t\t\t\t<\/div>\n\t\t","protected":false},"excerpt":{"rendered":"<p>VISI\u00d3N Ser reconocidos como l\u00edderes en el mercado de mochilas, ofreciendo productos de alta calidad que inspiren la aventura y la exploraci\u00f3n, y que acompa\u00f1en a nuestros clientes en cada paso de su viaje. Nuestra Pasi\u00f3n Nuestra pasi\u00f3n impulsa todo lo que hacemos. En Tresbon nos apasiona la innovaci\u00f3n, la calidad y la satisfacci\u00f3n del [&hellip;]<\/p>\n","protected":false},"author":1,"featured_media":104,"parent":0,"menu_order":0,"comment_status":"closed","ping_status":"closed","template":"elementor_header_footer","meta":{"footnotes":""},"class_list":["post-95","page","type-page","status-publish","has-post-thumbnail","hentry"],"_links":{"self":[{"href":"https:\/\/tresbon.com.mx\/index.php?rest_route=\/wp\/v2\/pages\/95","targetHints":{"allow":["GET"]}}],"collection":[{"href":"https:\/\/tresbon.com.mx\/index.php?rest_route=\/wp\/v2\/pages"}],"about":[{"href":"https:\/\/tresbon.com.mx\/index.php?rest_route=\/wp\/v2\/types\/page"}],"author":[{"embeddable":true,"href":"https:\/\/tresbon.com.mx\/index.php?rest_route=\/wp\/v2\/users\/1"}],"replies":[{"embeddable":true,"href":"https:\/\/tresbon.com.mx\/index.php?rest_route=%2Fwp%2Fv2%2Fcomments&post=95"}],"version-history":[{"count":29,"href":"https:\/\/tresbon.com.mx\/index.php?rest_route=\/wp\/v2\/pages\/95\/revisions"}],"predecessor-version":[{"id":706,"href":"https:\/\/tresbon.com.mx\/index.php?rest_route=\/wp\/v2\/pages\/95\/revisions\/706"}],"wp:featuredmedia":[{"embeddable":true,"href":"https:\/\/tresbon.com.mx\/index.php?rest_route=\/wp\/v2\/media\/104"}],"wp:attachment":[{"href":"https:\/\/tresbon.com.mx\/index.php?rest_route=%2Fwp%2Fv2%2Fmedia&parent=95"}],"curies":[{"name":"wp","href":"https:\/\/api.w.org\/{rel}","templated":true}]}}